{"id":1379,"date":"2016-09-18T17:02:19","date_gmt":"2016-09-18T15:02:19","guid":{"rendered":"http:\/\/www.schnackenhof.de\/?page_id=1379"},"modified":"2022-07-22T14:57:50","modified_gmt":"2022-07-22T12:57:50","slug":"philosophie-fuer-kreative","status":"publish","type":"page","link":"https:\/\/www.schnackenhof.de\/?page_id=1379","title":{"rendered":"PHILOSOPHIE-REISEN"},"content":{"rendered":"\n<figure class=\"wp-block-image size-large\"><a href=\"https:\/\/www.schnackenhof.de\/wp-content\/uploads\/2021\/02\/DSC_0270-Kopie-4.jpg\"><img loading=\"lazy\" decoding=\"async\" width=\"901\" height=\"588\" src=\"https:\/\/www.schnackenhof.de\/wp-content\/uploads\/2021\/02\/DSC_0270-Kopie-4.jpg\" alt=\"\" class=\"wp-image-3432\" srcset=\"https:\/\/www.schnackenhof.de\/wp-content\/uploads\/2021\/02\/DSC_0270-Kopie-4.jpg 901w, https:\/\/www.schnackenhof.de\/wp-content\/uploads\/2021\/02\/DSC_0270-Kopie-4-300x196.jpg 300w, https:\/\/www.schnackenhof.de\/wp-content\/uploads\/2021\/02\/DSC_0270-Kopie-4-768x501.jpg 768w\" sizes=\"auto, (max-width: 901px) 100vw, 901px\" \/><\/a><\/figure>\n\n\n<h3><strong><em>Unsere <\/em><\/strong>&nbsp;<strong>PHILOSOPHIEREISEN<\/strong>&nbsp;f\u00fchren an lebensver\u00e4ndernde Orte und bieten dort geleitete Retreats, auf denen neben Yoga, Quigong und Meditation auch philosophisches Denken, Fragen der Lebensf\u00fchrung, der Gl\u00fccksdefinition, der Stressbew\u00e4ltigung und des Umgangs mit dem eignen Leben eine Rolle spielen. Dazu gibt es Ausfl\u00fcge und festliches Beisammensein. Der Bogen reicht vom Thema &#8222;Liebe, Lust und Leidenschaft&#8220; bis zur Frage nach dem Ich.&nbsp;<\/h3>\n<h4><em>&#8222;&#8230;kein Pflichtprogramm, sondern behagliches Freizeitvergn\u00fcgen, eine Dienstleistung am Geist&#8230;&#8220; (DER SPIEGEL)&nbsp;<\/em><strong>Seminarleitung:<\/strong> Dr. Reinhard Knodt \/ DR. Ludwig Frambach, Ramona Faltin, Hat Hlavaty u.andere.<\/h4>\n<h2>&nbsp;<\/h2>\n<h2>TERMINE:<\/h2>\n<h2><strong>15. Mai <\/strong>(Sonntag)<strong> &nbsp;&#8211; 20. Mai<\/strong> (Freitag) <strong>2022<\/strong>. (Pl\u00e4tze: 12 Personen, Anmeldung bisher 7 (Jan.) ) Die Anmeldung l\u00e4uft noch: Anfragen und Anmeldung an: reinhardknodt@gmail.com und ramonafaltin@t-online.de&nbsp;<\/h2>\n<h2><b>THEMA: Drama des Lebens!&nbsp;<\/b><span style=\"color: #000000;\"><span style=\"caret-color: #000000; font-weight: 600;\">Wer<\/span><\/span><b>&nbsp;will ich gewesen sein und wie begegne ich meiner Biographie?<\/b><\/h2>\n<h3><strong>Der Ort:<\/strong> &nbsp;Schloss Steinh\u00f6fel bei Berlin ist eines der sch\u00f6nsten Schl\u00f6sser Friedrich d. Gro\u00dfen. Drumherum die brandenburgischen Seen, die Landschaft Fontanes. Das Schloss steht uns f\u00fcr &nbsp;die gew\u00e4hlte Zeit mit Personal zur Verf\u00fcgung.&nbsp;http:\/\/www.schloss-steinhoefel.de\/hotel.html<\/h3>\n<div class=\"editor-block-mover\">&nbsp;<\/div>\n<div>\n<div class=\"components-resizable-box__container\"><img decoding=\"async\" src=\"http:\/\/www.schnackenhof.de\/wp-content\/uploads\/2019\/01\/steinh%C3%B6felWerbebild-1024x685.jpg\" alt=\"Dieses Bild hat ein leeres Alt-Attribut. Der Dateiname ist steinh\u00f6felWerbebild-1024x685.jpg\">\n<p>&nbsp;<\/p>\n<p>&nbsp;<\/p>\n<p><strong>DAS THEMA: &nbsp; DRAMA DES LEBENS&nbsp;<\/strong><\/p>\n<div class=\"page\" title=\"Page 1\">\n<div class=\"layoutArea\">\n<div class=\"column\">\n<p>Von Goethes Faust (es irrt der Mensch solang er lebt) zu Brecht (nat\u00fcrlich w\u00e4r\u2019n wir alle gut) fragen wir uns durch den \u201edramatischen\u201c und \u201ekomischen\u201c Charakter unseres Lebens und erz\u00e4hlen \u00fcbungsweise unsere Lebensgeschichte als Serie von Erfolgen oder als deren Gegenteil. Dabei lernen wir, worauf es eventuell ankommt, inwiefern die klassische Lehre vom Drama eine fr\u00fche Psychologie der Pers\u00f6nlichkeit war und was eventuell weitere Entwicklungsziele des Drama des Lebens sein k\u00f6nnten.&nbsp;<\/p>\n<p>Ankunft 15. Mai ab 16.00 Uhr<\/p>\n<p>Der Preis pro Person f\u00fcr f\u00fcnf \u00dcbernachtungen mit Yoga, Fr\u00fchst\u00fcck, Vortr\u00e4gen, Exkursion zum Scherm\u00fctzelsee: ab 1.150 \u20ac, Anmeldungen: www.ramonafaltin.de\/Seminare-Workshops oder Reinhard Knodt 0152-09812477. oder reinhardknodt@gmail.com<\/p>\n<\/div>\n<\/div>\n<\/div>\n<\/div>\n<\/div>\n<div id=\"block-b53f996c-1ceb-49c0-a53b-3e15c61abaa6\" class=\"wp-block editor-block-list__block\" tabindex=\"0\" data-type=\"core\/image\" aria-label=\"Block: Bild\">\n<div class=\"editor-block-list__block-edit\">\n<div data-block=\"b53f996c-1ceb-49c0-a53b-3e15c61abaa6\">\n<figure class=\"wp-block-image\">\n<div>\n<div class=\"components-resizable-box__container\"><img loading=\"lazy\" decoding=\"async\" class=\"\" src=\"http:\/\/www.schnackenhof.de\/wp-content\/uploads\/2019\/01\/DSC_0856_185-1024x685.jpg\" alt=\"Dieses Bild hat ein leeres Alt-Attribut. Der Dateiname ist DSC_0856_185-1024x685.jpg\" width=\"529\" height=\"354\"><\/div>\n<div class=\"__resizable_base__\">Die ehemalige Scho\u00dfbibliothek ist jetzt ein Raum f\u00fcr Yoga und Meditation geworden<\/div>\n<\/div>\n<\/figure>\n<\/div>\n<\/div>\n<\/div>\n<p><strong>Preise ca. 1050,- bis 1450,- Euro inkl. MwSt. (Enth\u00e4lt 5 \u00dcbernachtungen, einen Ausflug, alle Geb\u00fchren und Eintritte, Vollpension. ) Nachl\u00e4sse f\u00fcr Wiederholer, Mehrfachbucher und Studenten sind m\u00f6glich.<\/strong><\/p>\n<h2>&nbsp;<\/h2>\n<h2><strong>2. <\/strong>Atmosph\u00e4ren des Zusammenseins<\/h2>\n<h2><strong>Ort: <\/strong>Hotel &#8222;Insel der Sinne&#8220; in G\u00f6rlitz am See<strong><br><\/strong><\/h2>\n<h2><b>Dieses Seminar fiel 2022 aus. Vor-Anmeldungen f\u00fcr 2023 sind m\u00f6glich.<\/b><\/h2>\n<p><a href=\"https:\/\/www.schnackenhof.de\/wp-content\/uploads\/2020\/03\/DSC_9378-3.jpg\"><img loading=\"lazy\" decoding=\"async\" class=\"alignnone  wp-image-3150\" src=\"https:\/\/www.schnackenhof.de\/wp-content\/uploads\/2020\/03\/DSC_9378-3-300x200.jpg\" alt=\"\" width=\"680\" height=\"454\" srcset=\"https:\/\/www.schnackenhof.de\/wp-content\/uploads\/2020\/03\/DSC_9378-3-300x200.jpg 300w, https:\/\/www.schnackenhof.de\/wp-content\/uploads\/2020\/03\/DSC_9378-3-1024x683.jpg 1024w, https:\/\/www.schnackenhof.de\/wp-content\/uploads\/2020\/03\/DSC_9378-3-768x512.jpg 768w, https:\/\/www.schnackenhof.de\/wp-content\/uploads\/2020\/03\/DSC_9378-3-1536x1024.jpg 1536w, https:\/\/www.schnackenhof.de\/wp-content\/uploads\/2020\/03\/DSC_9378-3-2048x1366.jpg 2048w\" sizes=\"auto, (max-width: 680px) 100vw, 680px\" \/><\/a>Insel der Sinne (G\u00f6rlitz)<\/p>\n<p><strong>Thema:&nbsp; ATMOSPH\u00c4REN DES ZUSAMMENSEINS. (2022)<\/strong><\/p>\n<p>Wenn wir uns mit anderen zusammengeh\u00f6rig f\u00fchlen, so hat das nicht nur damit zu tun, dass wir sinnvoll &#8222;kommunizieren&#8220;. Das eigentlich Verbindende ist die <strong>Situation<\/strong> und damit die Atmosph\u00e4re, die wir wechselseitig erzeugen, f\u00fcrchten und genie\u00dfen. Die Atmosph\u00e4ren sind das eigentlich Sch\u00f6pferische Moment des Zusammenseins. Ein Seminar zum \u201eKorrespondenz-Geschehen\u201c gegenseitiger Stimmungserzeugung (Lekt\u00fcre: Reinhard Knodt: Der Atemkreis der Dinge, Dozenten vorr. Michaela Moritz und Ramona Faltin) Anmeldung:&nbsp;<\/p>\n<p>&nbsp;<\/p>\n<p><strong>3. &nbsp;PHILOSOPHIE AM GARDASEE&nbsp;<\/strong><\/p>\n<p><strong>Thema: &nbsp;Sehnsucht nach dem Einen<\/strong><\/p>\n<p>Platon, Meister Eckhart, Rumi, Dogen, Goethe, Nietzsche, Kafka, Heidegger&#8230;.<\/p>\n<p><strong>Termin: &nbsp;Sonntag 16<i>. &#8211;&nbsp;Freitag 21<\/i>. Oktober 2022 &nbsp;\/ im <\/strong><strong>Hotel &#8222;Forte Charme&#8220; Torbole-Nago <\/strong><\/p>\n<p><strong>www.fortecharmehotel.it<\/strong><\/p>\n<p>Mit: <strong>Reinhard Knodt und Ludwig Frambach&nbsp;<\/strong>(Anmeldung direkt unter 015209812477 oder 1738322345 m\u00f6glich. Email-anmeldung: &nbsp;reinhard-knodt.de. oder reinhardknodt@gmail.com;&nbsp;<\/p>\n<div>\n<div class=\"components-resizable-box__container\"><img loading=\"lazy\" decoding=\"async\" class=\"\" src=\"http:\/\/www.schnackenhof.de\/wp-content\/uploads\/2019\/01\/DSC_0461-1024x685.jpg\" alt=\"Dieses Bild hat ein leeres Alt-Attribut. Der Dateiname ist DSC_0461-1024x685.jpg\" width=\"405\" height=\"271\">\n<p>&nbsp;<\/p>\n<p>Inspirationen in s\u00fcdlicher Landschaft. Philosophie und Literatur rund um Goethe, Nietzsche, Rilke, Kafka, Thomas Mann, Gabriele D\u2019Annunzio und andere. Ein spektakul\u00e4res Panoramahotel in Torbole\/Nago. Quigong, philosophische Vorlesungen, Ausfl\u00fcge an bekannte Orte aus der Literatur- und Geistesgeschichte, Bootsfahrten \u00fcber den Gardasee<\/p>\n<p><strong>Die Vortr\u00e4ge, Gespr\u00e4che und Ausfl\u00fcge (in Ausz\u00fcgen):<\/strong><br>1. Tag. Was ist Sehnsucht? Goethes Land der Seele, Vergil und Dante, Nietzsches &#8222;Halkyonischer&#8220; Blick. Spaziergang entlang der Promenade&nbsp;von Torbole. Psychologie der Sehnsucht unter Olivenb\u00e4umen.<br>2. Tag: Was ist das (Non-Duale) &#8222;Eine&#8220;? (Gott, Geist, das Absolute, Advaita, das Nichts der Buddhisten&#8230;) Nachmittags Ausflug auf den Monte Baldo und Erinnerung an Petrarca.<br>3. Tag: Sehnsucht &#8211; Wellness &#8211; Lust. Die Lehre von der Sehnsucht nach dem Angenehmen. Epikureismus, Hedonismus. &nbsp;Mit anschlie\u00dfender Fahrt zum Gartenpalast D&#8217;Annunzios und einer Erinnerung an die &#8222;Lust&#8220;.<br>4. Tag: Sehnsucht und Gelassenheit. \/Sehnsucht und Gelassenheit m\u00fcssen korrespondieren, sonst scheitert unsere Suche. &#8211; \u00dcber den Bau, Reise und Kaufwahn und die Frage nach dem einfachen Leben. (Kynismus) Abends:&nbsp;Regionale K\u00fcche in der Altstadt von Arco.<br>5. Tag: Gibt es praktische Wege zum Einen? &#8211; Meditation, die Kunst, das einfache Leben als \u00dcbung, Anschlie\u00dfend: &nbsp;Am t\u00fcrkisfarbenen Tenno-See malen, dichten oder&nbsp;schauen. Abschiedsessen in der \u201eCasa Beust\u201c.<\/p>\n<p>Preise je nach Unterbringung 850.- \u20ac &nbsp;(Doppel. ohne Aussicht) bis 1.070 \u20ac (Doppels. mit Aussicht) f\u00fcr die ganze Woche inkl. aller Eintritte, Schiffstickets, Hotelfr\u00fchst\u00fcck und Nachmittagsverpflegung..&nbsp;<\/p>\n<\/div>\n<\/div>\n<p><strong>Anmeldung und R\u00fcckfragen:<\/strong><br>reinhardknodt@gmail.com, bzw. Telefon 015209812477 oder &nbsp;01738322345<\/p>\n<p>&nbsp;<\/p>\n<p>4. <strong>DAS MARIPOSIANUM 2023<\/strong>&nbsp; \/Geplant Ende Januar 23!<\/p>\n<p><strong>Das &#8222;Mariposianium&#8220; dauert einen Winter-Monat lang. (Mitte Jan. bis Mitte Februar. Die Teilnahme ist allerdings wochenweise&nbsp;m\u00f6glich! &nbsp;SEMINARE<\/strong><span style=\"color: #000000;\"><b>, Kurse (Teezeremonie),&nbsp;<\/b><span style=\"color: #000000;\"><span style=\"font-weight: 600;\">Gespr\u00e4chskreise<\/span><\/span><b>, Tangokurs, Meditation, Vulkanbesteigung, Stuhlyoga, eine Insel- Wanderungen, Leben auf Teneriffa in einem K\u00fcnstlergarten, Vgl. (<a href=\"http:\/\/www.mariposa-projekt.de\">www.Mariposa-projekt.de<\/a>)<\/b><\/span><\/p>\n<p>DOZENTEN:&nbsp;<strong>Reinhard Knodt, Harald Hees, Leonhard F. Seidel, Ruth Richter, Harald Seubert, Huberta von Gneisenau, Gustav v. Campe, Peter Horiki,&nbsp;Hata Hlavata..,<\/strong>&nbsp; u.v.a.) &nbsp;<\/p>\n<p><strong>Beschreibung:<\/strong> Im ber\u00fchmten K\u00fcnstlerpark MARIPOSA, oder im gleichnamigen Mariposa-Park im Norden Mariposas, einem mehrere ha gro\u00dfen Gel\u00e4nde &nbsp;mit K\u00fcnstlerh\u00e4usern, Kunstwerken, einer unterirdischen Galerie, einer Grotte, einem Pool, geomantischen Marken, einem Tanzplatz, unwiederholbarer Naturszenerie &nbsp;wird sich der Schnackenhof vier Wochen lang verschiedenen Aktivit\u00e4ten, einem Symposium und Aktivit\u00e4ten zwischen Tango, Kunst, Philosophie, Yoga&#8230; &nbsp;widmen und versuchsweise ein zeitlich begrenztes Retreat-Dorf aufbauen. Ein Dorf bleibt einen Monat lang bestehen. Zusammenarbeit mit \u00f6rtlichen Initiativen zum nachhaltigen Tourismus werden erarbeitet. Der &#8222;Urlaub&#8220; als Ferientyp soll transformiert werden und vom reinen Konsumtrip zu wertvolleren Erholungsformaten f\u00fchren. &nbsp;Die 4 Wochen k\u00f6nnen zusammenh\u00e4ngend und teilweise gebucht werden. (Verbunden mit Ausfl\u00fcgen, Wanderungen, Selbsterfahrung &#8211; Malkursen usw. usf.) &nbsp;Preise &nbsp;zwischen 2.600 (4 Wochen) und 850.- (eine Woche)&nbsp;<\/p>\n\n\n<figure class=\"wp-block-image size-large is-resized\"><a href=\"https:\/\/www.schnackenhof.de\/wp-content\/uploads\/2021\/06\/abMariposaseminar15-scaled.jpg\"><img loading=\"lazy\" decoding=\"async\" src=\"https:\/\/www.schnackenhof.de\/wp-content\/uploads\/2021\/06\/abMariposaseminar15-1024x683.jpg\" alt=\"\" class=\"wp-image-3548\" width=\"582\" height=\"387\" srcset=\"https:\/\/www.schnackenhof.de\/wp-content\/uploads\/2021\/06\/abMariposaseminar15-1024x683.jpg 1024w, https:\/\/www.schnackenhof.de\/wp-content\/uploads\/2021\/06\/abMariposaseminar15-300x200.jpg 300w, https:\/\/www.schnackenhof.de\/wp-content\/uploads\/2021\/06\/abMariposaseminar15-768x512.jpg 768w, https:\/\/www.schnackenhof.de\/wp-content\/uploads\/2021\/06\/abMariposaseminar15-1536x1024.jpg 1536w, https:\/\/www.schnackenhof.de\/wp-content\/uploads\/2021\/06\/abMariposaseminar15-2048x1365.jpg 2048w\" sizes=\"auto, (max-width: 582px) 100vw, 582px\" \/><\/a><figcaption>Seminar 2017 AUF DEM TEIDE <\/figcaption><\/figure>\n\n\n\n<p><\/p>\n","protected":false},"excerpt":{"rendered":"<p>Unsere &nbsp;PHILOSOPHIEREISEN&nbsp;f\u00fchren an lebensver\u00e4ndernde Orte und bieten dort geleitete Retreats, auf denen neben Yoga, Quigong und Meditation auch philosophisches Denken, Fragen der Lebensf\u00fchrung, der Gl\u00fccksdefinition, der Stressbew\u00e4ltigung und des Umgangs mit dem eignen Leben eine Rolle spielen. Dazu gibt es &hellip; <a href=\"https:\/\/www.schnackenhof.de\/?page_id=1379\">Weiterlesen <span class=\"meta-nav\">&rarr;<\/span><\/a><\/p>\n","protected":false},"author":8,"featured_media":2521,"parent":0,"menu_order":0,"comment_status":"closed","ping_status":"closed","template":"","meta":{"_cbd_carousel_blocks":"[]","ngg_post_thumbnail":0,"footnotes":""},"class_list":["post-1379","page","type-page","status-publish","has-post-thumbnail","hentry"],"_links":{"self":[{"href":"https:\/\/www.schnackenhof.de\/index.php?rest_route=\/wp\/v2\/pages\/1379","targetHints":{"allow":["GET"]}}],"collection":[{"href":"https:\/\/www.schnackenhof.de\/index.php?rest_route=\/wp\/v2\/pages"}],"about":[{"href":"https:\/\/www.schnackenhof.de\/index.php?rest_route=\/wp\/v2\/types\/page"}],"author":[{"embeddable":true,"href":"https:\/\/www.schnackenhof.de\/index.php?rest_route=\/wp\/v2\/users\/8"}],"replies":[{"embeddable":true,"href":"https:\/\/www.schnackenhof.de\/index.php?rest_route=%2Fwp%2Fv2%2Fcomments&post=1379"}],"version-history":[{"count":137,"href":"https:\/\/www.schnackenhof.de\/index.php?rest_route=\/wp\/v2\/pages\/1379\/revisions"}],"predecessor-version":[{"id":3687,"href":"https:\/\/www.schnackenhof.de\/index.php?rest_route=\/wp\/v2\/pages\/1379\/revisions\/3687"}],"wp:featuredmedia":[{"embeddable":true,"href":"https:\/\/www.schnackenhof.de\/index.php?rest_route=\/wp\/v2\/media\/2521"}],"wp:attachment":[{"href":"https:\/\/www.schnackenhof.de\/index.php?rest_route=%2Fwp%2Fv2%2Fmedia&parent=1379"}],"curies":[{"name":"wp","href":"https:\/\/api.w.org\/{rel}","templated":true}]}}