{"id":2,"date":"2011-08-22T18:30:02","date_gmt":"2011-08-22T16:30:02","guid":{"rendered":"http:\/\/www.stein-it-consult.de\/WP-Schnackenhof\/?page_id=2"},"modified":"2022-07-22T14:01:13","modified_gmt":"2022-07-22T12:01:13","slug":"grundsatzliches","status":"publish","type":"page","link":"https:\/\/www.schnackenhof.de\/?page_id=2","title":{"rendered":"Veranstaltungstermine 2022"},"content":{"rendered":"\n<p><strong>Philosophie f\u00fcr Kreative.  <\/strong>(Inhalte Yoga, Meditation, philosophische Runden,  Exkursionen. Anmeldung direkt: 015209812477  oder per mail:  Reinhardknodt@gmail.com.  (Anmeldung ab sofort m\u00f6glich, H\u00f6chstzahl: 12 Personen!)<\/p>\n\n\n\n<p><strong>(15. &#8211; 20. Mai 2022, (Schloss Steinh\u00f6fel bei Berlin)<\/strong><\/p>\n\n\n\n<p>Seminarrunde zum Thema: &#8222;ICH&#8220; &#8211; was ist das, wenn man es nicht als Idendit\u00e4t, sondern unter dem Gesichtspunkt eines Dramas oder einer Dramaturgie des Lebens betrachtet.   Unterfragen:  Was geschieht, wenn das Ich mit sich selber spricht? Was ist das Gewissen, was ist der Buddhistische &#8222;Ich-irrtum&#8220;? Im Hintergrund:  Heraklit und Pantha rei, Empedokles und der Rhythmus von &#8222;Liebe und Streit&#8220; &#8211; Dao, Ich und der Lauf der Dinge.  Vom, vom Nichts und von der Angst des Ichs vor dem Nichts. (Heidegger). Was ist &#8222;Person&#8220; und  &#8222;Genius&#8220;? Welche Geschichte spielen wir wom\u00f6glich immer wieder? Was hat Meditation mit dem Ich zu tun. (Mit Ludwig Frambach) &#8211; Preise: 1.1050.- plus minus besondere Preise f\u00fcr Doppelzimmer (niedriger) oder Turmzimmer. vgl. den Punkt &#8222;Seminarreisen&#8220; auf dieser Homepage.<\/p>\n\n\n\n<p><\/p>\n\n\n\n<p><strong>Sa. 18. Juni. ab 15.00 Uhr<\/strong>  &#8222;Wer wir waren, was wir sind.&#8220;  Wie begannen wir im Schnackenhof vor 25 Jahren und was ist aus uns geworden? Reinhard Knodt \u00fcbergibt Michaela Moritz den Seminarteil des Schnackenhofs, den sie nun im &#8222;Seminarhaus am Waldrand&#8220;  (Neugr\u00fcndung in Gr\u00e4fenberg) weiterverfolgt. Michaela erh\u00e4lt die &#8222;Federf\u00fchrung&#8220; in Gestalt einer Feder \u00fcberreicht und berichtet vom neuen Seminarhaus. Eine weitere Feder bleibt im Schnackenhof. Treffen der Ehemaligen und Zuk\u00fcnftigen des Schnackenhofs in leichter Gartenatmosph\u00e4re. Vorstellung Neuer Mitglieder und neuer Vorhaben. Der &#8222;Schnackenhof&#8220; ist jetzt nur noch Ort des Philoquiums und Retreat.<\/p>\n\n\n\n<p><\/p>\n\n\n\n<figure class=\"wp-block-image size-large is-resized\"><a href=\"https:\/\/www.schnackenhof.de\/wp-content\/uploads\/2022\/07\/unnamed-1-2.jpg\"><img loading=\"lazy\" decoding=\"async\" src=\"https:\/\/www.schnackenhof.de\/wp-content\/uploads\/2022\/07\/unnamed-1-2-856x1024.jpg\" alt=\"\" class=\"wp-image-3675\" width=\"342\" height=\"409\" srcset=\"https:\/\/www.schnackenhof.de\/wp-content\/uploads\/2022\/07\/unnamed-1-2-856x1024.jpg 856w, https:\/\/www.schnackenhof.de\/wp-content\/uploads\/2022\/07\/unnamed-1-2-251x300.jpg 251w, https:\/\/www.schnackenhof.de\/wp-content\/uploads\/2022\/07\/unnamed-1-2-768x919.jpg 768w, https:\/\/www.schnackenhof.de\/wp-content\/uploads\/2022\/07\/unnamed-1-2.jpg 1111w\" sizes=\"auto, (max-width: 342px) 100vw, 342px\" \/><\/a><\/figure>\n\n\n\n<p><\/p>\n\n\n\n<p><\/p>\n\n\n\n<p><strong>Freitag 8. Juli:  ab 18.00 Uhr. (Philoquium)<\/strong>*: <\/p>\n\n\n\n<p><strong>Dr. Elke Wachendorff <\/strong>(Vorsitzende des Nietzsche-Forums M\u00fcnchen) h\u00e4lt einen Vortrag zu Nietzsches Aphorismus bzw. zum Thema <strong>Hadesfahrt.<\/strong> (Die Hadesfahrt des Odysseus als Hinweis auf eine pers\u00f6nliche Krise in vielfacher Spiegelung (Dante, Petrarca, Nietzsche), Hinweise auf Nietzsches Alpenkuren und vertiefte \u00dcberlegungen zur Korrespondenz von Gehen und Denken.<\/p>\n\n\n\n<p><strong>Anschlie\u00dfend 19.00  Klavierkonzert: Hyeonyoung Nam<\/strong> <\/p>\n\n\n\n<p><\/p>\n\n\n\n<p><strong>Freitag, 12. August. ab 18.00 Uhr <\/strong>  (Philoquium)*<\/p>\n\n\n\n<p><strong>Dr. <\/strong><em><strong>Sebastian Kn\u00f6pker<\/strong><\/em>: (Heidelberg) &#8222;Promovierter Hedonist\u201c bzw. philosophischer Spezialist der L\u00fcste. Seine eigenwilligen Seminare \u00fcber Tafelfreuden, das Gef\u00fchl mit nassen Kleidern im Regen zu laufen und \u00e4hnliche \u00dcberlegungen sind im Schnackenhof bekannt und beliebt. Diesmal w\u00fcnschen wir uns eine spezielle Erl\u00e4uterung <strong>des Zusammenhangs zwischen Musik und Lustgef\u00fchlen.<\/strong> Anmeldung unter Reinhardknodt@gmail.com oder 01712266767 oder 06221 4273535.<\/p>\n\n\n\n<p><\/p>\n\n\n\n<p><strong>9. September (Freitag). <\/strong>ab 17.00 Uhr<\/p>\n\n\n\n<p><strong>Arkadien &#8211; Idyll und goldene Zeit<\/strong> (Philoquium) mit Dr. Klaus Praetor (Berlin\/N\u00fcrnberg):  <\/p>\n\n\n\n<p>Der promovierte Philosoph <strong>Klaus Pr\u00e4tor<\/strong>, der nun auch den Schnackenhof mit betreibt, ist im Lauf seines Berufslebens immer weiter zu Fragen der Kybernetik und Logistik und ihrer Kritik gekommen. Am Ende war er ein veritabler Kritiker des blinden Fortschritts verschiedener st\u00e4ndig sich optimierender Systeme, die alle zusammen gar kein Optimum mehr darstellen. Er widmet sich heute Fragen des Gemeinbesitzes, der Almende und Fragen des einfachen Lebens. &#8222;Arkadien &#8211; Idyll und goldene Zeit&#8220; sind Umschreibungen unserer Sehnsucht nach einem Paradies, das wir immer weiterg verlassen! \/Am 18. November ist ein weiteres Philoquium mit Klaus Pr\u00e4tor geplant<\/p>\n\n\n\n<p>(anschlie\u00dfend Cidre Pellkartoffeln, Lachs und mitgebrachte Nachspeisen. Ausnahmsweise Beschr\u00e4nkung auf 15 Teilnehmer.)<\/p>\n\n\n\n<p><strong>16. &#8211; 21. Oktober &#8211; Philosophie am Gardasee <\/strong> (Seminar f\u00fcr 12 Teilnehmer)<\/p>\n\n\n\n<p>Vom 9.(Ankunft)  bis 15. Oktober (Abfahrt)  halten wir unser traditionelles Gardasee-Seminar  in Torbole (Nago) zum Thema der &#8222;Sehnsucht nach dem Einen&#8220; (vgl. den ausf\u00fchrlichen Abschnitt <strong>Seminarreisen<\/strong> auf dieser Homepage) Dozenten sind Dr. Ludwig Frambach (Quigong\/ Psychotherapie\/Mystik) und Reinhard Knodt (Literaturgeschichte und Philosophie.)  Preise zwischen 870.- und 1070.- Anmeldeschluss, Rechnungsstellung (und letzter kostenloser R\u00fccktrittstermin) ist der 15. September. Sonderpreise sind m\u00f6glich. (Bisher 4 Anmeldungen)<\/p>\n\n\n\n<p><\/p>\n\n\n\n<p>Oktober :   (Vorraussichtl. 21. Oktober)  Philoquium mit <strong>Ulrich Schneider Wedding<\/strong> oder Klaus Pr\u00e4tor. <\/p>\n\n\n\n<p>November:  (Vorr. 8 November:) Philoquium mit <strong>Klaus Praetor <\/strong> oder Ulrich Schneider-Wedding \u00fcber einfaches Leben<\/p>\n\n\n\n<p><\/p>\n\n\n\n<p><\/p>\n\n\n\n<p><strong>21. Dezember 2022. Die Wintersonnenwende des Schnackenhofs.<\/strong> Beitr\u00e4ge erw\u00fcnscht. Die Themen sollen kosmologischer Art sein und werden vorher nicht bekannt gegeben.<\/p>\n\n\n\n<p><\/p>\n\n\n\n<p><\/p>\n\n\n\n<p><strong><mark style=\"background-color:rgba(0, 0, 0, 0)\" class=\"has-inline-color has-blue-color\">xxxxxxxxxxxx Geplant f\u00fcr 2023.  (ohne Termine!   &#8211; Wird noch konkretisiert!)<\/mark><\/strong><\/p>\n\n\n\n<p><strong>Gustav Campe<\/strong>, der im Jahr 2013 im Schnackenhof den Vortrag &#8222;Nishitanis Samsara sive Nirvana&#8220; hielt und dabei eine &#8222;\u00dcberlegung zu Keiji Nishitanis &#8211; was ist Religion?&#8220; vortrug, wird diesmal  die Beziehung zwischen Heidegger und dem gro\u00dfen  japanischen Religionsphilosophen herstellen.  <strong>Eine Passage:<\/strong>  &#8222;Wir bekommen im Westen inzwischen eine Ahnung davon, dass unser Tun, je mehr wir ihm einen &#8222;Sinn&#8220; zu geben versuchen und je mehr sich der Prozess solch sinnvollen Tuns beschleunigt, zugleich immer sinnloser zu werden droht&#8230;.&#8220;<\/p>\n\n\n\n<p><\/p>\n\n\n\n<p><strong>  Reinhard Knodt<\/strong>  Thema: &#8222;K\u00f6rpergeist&#8220; &#8211; &#8222;Herzgeist&#8220; &#8211; Von den \u00dcberg\u00e4ngen zwischen &#8222;Denken&#8220; und &#8222;\u00dcben&#8220;, oder was wir von Musikern, wie auch von Meditations- und Teemeistern lernen k\u00f6nnen. (Grundfragen: Was bedeutet die cartesische Trennung von &#8222;Geist&#8220; und &#8222;K\u00f6rper&#8220; und was bedeutet sie nicht?  &#8211;  Was ist &#8222;wechselseitige Entstehung&#8220; im Buddhismus?  Was ist &#8222;Ich&#8220; und &#8222;Selbst&#8220;? Was ist atmosph\u00e4rische Korrespondenz? Was ist einfaches Leben als \u00dcbung? (Eine Erinnerung an <strong>Charlotte Yoko Beck.<\/strong><\/p>\n\n\n\n<p><\/p>\n\n\n\n<p><\/p>\n\n\n\n<p><mark style=\"background-color:rgba(0, 0, 0, 0)\" class=\"has-inline-color has-blue-color\"><strong>ZEN- \u00dcbungen (Meditation, Fl\u00f6te, Gespr\u00e4che und Tee) <\/strong><\/mark> (falls nicht im Seminarhaus am Waldrand!) <mark style=\"background-color:rgba(0, 0, 0, 0)\" class=\"has-inline-color has-blue-color\">z.B. mit Gerhardt Stauffenbiehl, Michael Mihaljevic, Reinhard Knodt. u.a&#8230;. Ankunft  der Teilnehmer 16.00 Uhr, Beginn 18.00 Uhr mit einem Essen: Im konzentrierten Rhythmus folgen am n\u00e4chsten Tag aufeinander: Morgenmeditation, Buddhistisches Fr\u00fchst\u00fcck, ZEN-Gespr\u00e4ch, Befassung mit der Shakuhatchi (Sinn, Tradition, Bau). Gespr\u00e4che \u00fcber verschiedene Aspekte der ZEN-Philosophie unterbrochen von Meditation und Gehen. (max. 6 Teilnehmer; Preis 60.- f\u00fcr zwei \u00dcbernachtungen und buddhistische Vollverpflegung.  (Ausrichter: Freundeskreis f. Zen-Kultur). <\/mark><\/p>\n\n\n\n<p>Weiterhin geplant f\u00fcr 2023<\/p>\n\n\n\n<p><strong>Barbara Kaulbach: Nur die chinesische H\u00f6lle ist gerecht!\u00a0<\/strong> Mit\u00a0<strong>Lih Nian Chen<\/strong>\u00a0(Violine) und\u00a0<strong>Hyeonyoung Nam\u00a0<\/strong>(Fl\u00fcgel)<strong> (Termin offen<\/strong>)<\/p>\n\n\n\n<p>BIOGRAPHIE:&nbsp;<strong>Barbara Kaulbach,<\/strong>&nbsp;Studium: 1969-1976 in W\u00fcrzburg, M\u00fcnster, Paris und Taipee in Sinologie, Japanologie, Germanistik, Philosophie und Publizistik. 1978 Promotion zum Dr. phil. an der Universit\u00e4t W\u00fcrzburg (Hauptfach Sinologie) mit einer Arbeit \u00fcber die Peking-Oper. Habilitationsstipendium der DFG. Seit 1981 Dozentin des Goethe-Instituts mit mehrj\u00e4hrigen Arbeitsaufenthalten in Deutschland, Frankreich, Hongkong. Zuletzt Institutsleiterin in Bratislava und Kiew. Z. Zt. arbeitet sie in der Zentrale des Goethe-Instituts in der Abteilung Strategie und Controlling. Verschiedene Publikationen zur Peking-Oper, zum Stra\u00dfentheater, sowie zum religi\u00f6sen Volksglauben.<\/p>\n\n\n\n<p><\/p>\n\n\n\n<p><\/p>\n\n\n\n<p><strong>Dr. Ulrich Schneider Wedding:  <\/strong> <strong>Einfaches Leben? <\/strong> <\/p>\n\n\n\n<p><strong>Biographie: Dr. Ulrich Schneider-Wedding<\/strong> studierte Theologie und Philosophie, Orientalistik und alte Sprachen. Promotion 1995. Er setzte sich  immer wieder medienwirksam f\u00fcr das \u00f6kosoziale Zukunftsprojekt ein, auch schon zu Zeiten als \u00d6kosteuern, recycling  und Grundeinkommen noch politische Fremdw\u00f6rter waren. Schneider-Wedding arbeitet als evangelischer Pfarrer in Regensburg (Bayern). <\/p>\n\n\n\n<p> Das <strong>Herbst-Philoquium<\/strong> findet traditionsgem\u00e4\u00df als <strong>Philosophiefahrt an den Gardasee<\/strong> statt.  (Torbole, Hotel Fortecharme) (9. &#8211; 15. Oktober, max 12 Teilnehmer). Wenn wir einen Sponsor finden, dann kostet es alle Teilnehmer wenig.<\/p>\n\n\n\n<p><\/p>\n\n\n\n<p><\/p>\n\n\n\n<p><\/p>\n\n\n\n<p><strong>Wie komme ich zum Schnackenhof?<\/strong><\/p>\n\n\n\n<p>Der Schnackenhof ist unter der Adresse &#8222;Schnackenhof 3&#8220; in 90552 Roethenbach a. d. Pegnitz leicht mit dem Auto zu finden. Mit der S-Bahn f\u00e4hrt man 11 Minuten vom Hauptbahnhof N\u00fcrnberg Richtung &#8222;Lauf links&#8220;, steigt &#8222;<strong>Roethenbach Bahnhof<\/strong>&#8220; aus und geht dann rund 800 m zu Fu\u00df. (400 m in Fahrtrichtung, dann einbiegen in die Pegnitzstrasse. R\u00fcckfahrt bis ca. 23.00 m\u00f6glich. Sechs G\u00e4stezimmer im Haus. \u00dc. mit Fr\u00fchst\u00fcck 20.-. Ein preiswertes und zugleich nobles Hotel f\u00fcr Anspruchsvolle mit 11 Zimmern ist in n\u00e4chster N\u00e4he.<\/p>\n","protected":false},"excerpt":{"rendered":"<p>Philosophie f\u00fcr Kreative. (Inhalte Yoga, Meditation, philosophische Runden, Exkursionen. Anmeldung direkt: 015209812477 oder per mail: Reinhardknodt@gmail.com. (Anmeldung ab sofort m\u00f6glich, H\u00f6chstzahl: 12 Personen!) (15. &#8211; 20. Mai 2022, (Schloss Steinh\u00f6fel bei Berlin) Seminarrunde zum Thema: &#8222;ICH&#8220; &#8211; was ist das, &hellip; <a href=\"https:\/\/www.schnackenhof.de\/?page_id=2\">Weiterlesen <span class=\"meta-nav\">&rarr;<\/span><\/a><\/p>\n","protected":false},"author":8,"featured_media":0,"parent":0,"menu_order":1,"comment_status":"closed","ping_status":"closed","template":"","meta":{"_cbd_carousel_blocks":"[]","ngg_post_thumbnail":0,"footnotes":""},"class_list":["post-2","page","type-page","status-publish","hentry"],"_links":{"self":[{"href":"https:\/\/www.schnackenhof.de\/index.php?rest_route=\/wp\/v2\/pages\/2","targetHints":{"allow":["GET"]}}],"collection":[{"href":"https:\/\/www.schnackenhof.de\/index.php?rest_route=\/wp\/v2\/pages"}],"about":[{"href":"https:\/\/www.schnackenhof.de\/index.php?rest_route=\/wp\/v2\/types\/page"}],"author":[{"embeddable":true,"href":"https:\/\/www.schnackenhof.de\/index.php?rest_route=\/wp\/v2\/users\/8"}],"replies":[{"embeddable":true,"href":"https:\/\/www.schnackenhof.de\/index.php?rest_route=%2Fwp%2Fv2%2Fcomments&post=2"}],"version-history":[{"count":384,"href":"https:\/\/www.schnackenhof.de\/index.php?rest_route=\/wp\/v2\/pages\/2\/revisions"}],"predecessor-version":[{"id":3682,"href":"https:\/\/www.schnackenhof.de\/index.php?rest_route=\/wp\/v2\/pages\/2\/revisions\/3682"}],"wp:attachment":[{"href":"https:\/\/www.schnackenhof.de\/index.php?rest_route=%2Fwp%2Fv2%2Fmedia&parent=2"}],"curies":[{"name":"wp","href":"https:\/\/api.w.org\/{rel}","templated":true}]}}