{"id":22,"date":"2011-08-22T19:14:22","date_gmt":"2011-08-22T19:14:22","guid":{"rendered":"http:\/\/www.stein-it-consult.de\/WP-Schnackenhof\/?page_id=22"},"modified":"2021-11-24T22:35:20","modified_gmt":"2021-11-24T21:35:20","slug":"mitgliederjorg-amonat-bildhauer-architekt-berlin-horst-schafer-fotograf-nurnberg-ewald-arenz-schriftsteller-furth-johannes-koch-stahlbildhauer-eisenach-reinhard-doubrawa-kunstler-hdk-ko","status":"publish","type":"page","link":"https:\/\/www.schnackenhof.de\/?page_id=22","title":{"rendered":"AKTIVE DES SCHNACKENHOFS"},"content":{"rendered":"\n<p><strong>I. IM HAUS\u00a0<\/strong><\/p>\n\n\n\n<p><strong>Hyeonyoung Nam<\/strong>;\u00a0Pianistin, Absolventin der Musikhochschule N\u00fcrnberg, verantw. f\u00fcr die monatlichen Kammerkonzerte des Schnackenhofs, die organisatorische \u00dcbersicht \u00fcber Besuche und koreanische K\u00fcche. (Nr. 3)<\/p>\n\n\n\n<p><strong>Michael Mihaljewic<\/strong>:\u00a0Sonerp\u00e4dagoge mit B\u00fcro in N\u00fcrnberg, seit 2020 Teemeister der Urasenke und Hersteller wundersch\u00f6ner Shakuhatchi-Zen-Fl\u00f6ten. Dozent f\u00fcr Tee am Benedictushof. M. Mihaljevic betreibt ein Teehaus im Schnackenhof, f\u00fchrt in die Meditation und in die Teezeremonie ein. Verantw. Leitung, Bauten und ZEN-Gartengestaltung.\u00a0\u00a0(Nr. 16)<\/p>\n\n\n\n<p><strong>Abbigael Mc Donagh<\/strong>:\u00a0Abbie studiert Konzertgeige in Hannover und hat ein Stipendium f\u00fcr die Zusammenarbeit mit den N\u00fcrnberger Symphonikern gewonnen. Ausserdem ist sie Tr\u00e4gerin des Musik-Preises der Bank of Ireland!\u00a0\u00a0Sie wohnt wechselnd im Schnackenhof und in Hannover. Hs. 3<\/p>\n\n\n\n<p><strong>Elena<\/strong>\u00a0(wird erg\u00e4nzt)<\/p>\n\n\n\n<p><a href=\"http:\/\/www.reinhard-knodt.de\/\"><u><strong>Reinhard Knodt<\/strong><\/u><\/a>;\u00a0Schriftsteller u. Philosoph. Beruflich zun\u00e4chst an einem Jesuitencolleg in Irland, dann an der Universit\u00e4t Bayreuth und Erlangen-N\u00fcrnberg. Zehn\u00a0Jahre beim Bayerischen Rundfunk. Ab 2000 an der Pen-State University und den Kunstuniversit\u00e4ten Kassel u. Berlin. Zusammenarbeit mit Ivan Illich und Luise Rinder. 1995 Gr\u00fcndung des Schnackenhofs. (Z. Zt. komm. Vorsitzender d. F\u00f6rdervereins zusammen mit\u00a0Anja Schmickal\u00a0 (Finanzvorstand:\u00a0G\u00fcnter K\u00f6rner, N\u00fcrnberg).\u00a0<\/p>\n\n\n\n<p><strong>J\u00f6rg Amonat:<\/strong>\u00a0&#8211;\u00a0Preisgekr\u00f6nter Bildhauer. Sch\u00f6pfer einer Gartenfigur (\u201eDie gro\u00dfe Stehende\u201c) die den Beinamen Undine erhielt und einer Steinlegung im Schnackenhof. Amonat arbeitet seit Jahren an Konzepten im Zusammenhang mit dem Begriff der W \u00fc r d e unter anderem\u00a0\u00a0in Erfuhrt und Erlangen. Z.Zt. Hs. Nr. 3<\/p>\n\n\n\n<p><\/p>\n\n\n\n<p><\/p>\n\n\n\n<p><strong>II AUSSERHALB<\/strong>\u00a0wohnend aber im Schnackenhof und seinen organisatorischen Verzweigungen regelm\u00e4\u00dfig aktiv:<\/p>\n\n\n\n<p>R<strong>eza Hajatpour<\/strong>\u00a0(Professor f\u00fcr Religions- und Islamwissenschaft, Univ. Erlangen, Pr\u00e4sident unserer Akademie f\u00fcr West\u00f6stliche-Kultur-Begegnungen) mit RK. Thorsten Schirmer, Harald Seubert und L. Frambach verantwortlich f\u00fcr Themenstellung u. Programme der Sommerakademien.<\/p>\n\n\n\n<p><strong>Thorsten Schirmer<\/strong>\u00a0(Hannover) Prof. f\u00fcr Chan-Malerei in China, 2. Vorsitzender der WESTOST-Akademie. Organisator der Kunstausstellungen und der Kooperation mit verschiedenen Kulturinstituten.<\/p>\n\n\n\n<p><strong>Michaela Moritz<\/strong>: Zusammenarbeit mir RK seit 1998). MM organisiert\u00a0\u00a0die Reisen der \u201ePhilosophie f\u00fcr Kreative\u201c zusammen mit RK und Ramona Faltin (G\u00f6rlitz) und betreibt mittlerweile ein eigenes \u201eSeminarhaus am Waldrand\u201c bei H\u00f6fles in der fr\u00e4nkischen Schweiz.<\/p>\n\n\n\n<p><strong>G\u00fcnter K\u00f6rner:\u00a0<\/strong>Zahnarzt, Biophysiker und Gartenspezialist, Kleingartenzertifizierer in<strong> <\/strong>N\u00fcrnberg. Er ber\u00e4t den Pegnesischen Blumenorden, aber auch den Schnackenhof in Garten- und Biber und Kompostfragen. Finanzvorstand des F\u00f6rdervereins.\u00a0\u00a0<\/p>\n\n\n\n<p><strong><u><a href=\"http:\/\/www.dr-harald-seubert.com\/\">Harald Seubert<\/a><\/u>:\u00a0<\/strong>Philosoph, Schriftsteller und Verleger. Zur zeit t\u00e4tig als Professor f\u00fcr\u00a0\u00a0Religionsphilosophie an der Universit\u00e4t Basel. Seubert ist Pr\u00e4sident der internationalen Heideggergesellschaft. Wohnt in N\u00fcrnberg und Basel, Mittlerweile ist er auch prominenter Herausgeber und Verleger.<\/p>\n\n\n\n<p><strong>Ludwig Frambach<\/strong>;\u00a0Promovierter Theologe, Psychologe und Pfarrer. Er arbeitete mit\u00a0Willigis J\u00e4ger\u00a0am Benedictushof, war Religionslehrer in N\u00fcrnberg und organisiert heute in der Egidienkirche N\u00fcrnberg regelm\u00e4\u00dfig\u00a0<em>Kunstgottesdienste<\/em><\/p>\n\n\n\n<p><a href=\"http:\/\/www.artforland.de\/artforland\/home.nsf\/contentview\/2DF6C3397DD9C614C1256D120057F6B8\"><u><strong>Hans Kraus-H\u00fcbner<\/strong><\/u><\/a><strong><u><a href=\"http:\/\/www.artforland.de\/artforland\/home.nsf\/contentview\/2DF6C3397DD9C614C1256D120057F6B8\"> <\/a><\/u><\/strong><a href=\"http:\/\/www.artforland.de\/artforland\/home.nsf\/contentview\/2DF6C3397DD9C614C1256D120057F6B8\"><u>(Art Forland)<\/u><\/a>, Komponist (Oper, Oratorium, Lied unter anderem<strong> <\/strong>regelm\u00e4\u00dfig f\u00fcr ZDF, dt. b\u00fchnen und Kirchen. Im Schnackenhof zahlreiche Vortr\u00e4ge in Musikphilosophie.<\/p>\n\n\n\n<p><strong>Angelika Hengl,<\/strong>\u00a0Fr\u00fcher t\u00e4tig in der Leitung des M\u00fcttergenesungswerks N\u00fcrnberg. Gibt einen Frauenkunstkalender heraus. Lebt am Starnberger See mit Richard Hengl, den sie pflegt Sie macht Ausstellungen und unterst\u00fctzt den Schnackenhof durch finanzielle Zuwendungen in der Nachfolge Richard Hengls.<\/p>\n\n\n\n<p><strong>Matthew Pritchard<\/strong>, unterrichtete bereits mit 20 Jahren englische Sprache in einem buddhistischen Kloster in Nepal. Indienreisender bekannter Musikwissenschaftler an der Universit\u00e4t Leeds, fr\u00fcher\u00a0\u00a0Student in Cambridge am Kings College. Viele Vortr\u00e4ge f\u00fcr den Schnackenhof, Zusammenarbeit mit Gustav Campe (G\u00f6ttingen)<\/p>\n\n\n\n<p>S<strong>ebastian Schuol,<\/strong> Bioethiker mit B\u00fcro an der Universit\u00e4t Erlangen, begeisterter Bootsfahrer und kenntnisreicher Obsbaumpfleger.<\/p>\n\n\n\n<p><strong>Peter Hollerith<\/strong>, (\u201eHoriki\u201c)\u00a0\u00a0(ZEN-M\u00f6nch in Ryu Monjii, war dort 20 Jahre f\u00fcr den Ablauf zust\u00e4ndig (\u201eIno\u201c) des Klosters. Seit 2020 privat in der N\u00e4he des Klosters bei Strassburg lebend. Gelegentlich Meditationslehrer im Schnackenhof und f\u00fcr Philosophie f\u00fcr Kreative.<\/p>\n\n\n\n<p><strong>Undine Stier<\/strong>: (Designerin) Lebte zeitweise als Managerin, K\u00f6chin, G\u00e4rtnerin und Gestalterin  auf dem Schnackenhof, der ihr viele Anregungen, M\u00fchen und Arbeit verdankt. <\/p>\n\n\n\n<p><strong>Kankyo Tannier,<\/strong> buddhist. Nonne (Kosanryumonji) Schriftstellerin (Unterwegs zur Stille). Freundliche gelegentliche Cooperationen mit dem Schnackenhof und dem roten haus in Karlsruhe.\u00a0\u00a0\u00a0\u00a0\u00a0\u00a0<\/p>\n\n\n\n<p><strong>Gerhard Steinle<\/strong>,\u00a0Kartoonist und Bildhauer (N\u00fcrnberg) Koch, Zeltbauer und Mit-Gestalter vieler Feste und Gartentafeln.\u00a0<\/p>\n\n\n\n<p><strong>Tanja Hemm<\/strong>, K\u00fcnstlerin (Sound) und Yogalehrerin \u2013 Yoga-Begleiterin der Seminare und Philosophietage auf dem Schnackenhof.\u00a0<\/p>\n\n\n\n<p><strong>Rama Pekua<\/strong>\u00a0\u00a0(Shantinikketan, Goshaldanga, Indien, wo auch unser Freund Martin K\u00e4mpchen lebt.) Sie begegnete 2010 RK, kam 2012 in den Schnackenhof und verbrachte dort l\u00e4ngere Zeit zum Studium und zur Mitarbeit. Heute lebt sie in Frankfurt, ist aber regelm\u00e4\u00dfig auf dem Schnackenhof anzutreffen.\u00a0<\/p>\n\n\n\n<p>Gustav v. Campe<strong>,\u00a0promovierter Philosoph und Landwirtschaftlicher Unternehmer (Verwaltet <\/strong>sein Gut bei G\u00f6ttingen). F\u00f6rderer und Freund des Schnackenhofs. H\u00e4lt Vortr\u00e4ge und kommt wochenweise zur Erholung. Zusammenarbeit mit Matthew Pritchard im Bereich Musik\u00e4sthetik. (\u201eVom Bild zum Ton\u201c)<\/p>\n\n\n\n<p><strong>Thomas Riedinger<\/strong>\u00a0\u00a0und sein Teefreund Tom\u00a0Teemeister der Urasenke, Hersteller von Teekeramik,\u00a0\u00a0(Berlin).\u00a0<\/p>\n\n\n\n<p>verstorben:<\/p>\n\n\n\n<p><strong>Manfred Riedel <\/strong>\u2020\u00a0Philosoph, (Prof. Dr. Dr. h. c. mult. in\u00a0\u00a0Heidelberg, Erlangen, Halle, Habilitationsreferent von Reinhard Knodt und Harald Seubert; Philosophischer Lehrer von Michaela Moritz und Ilse Fath. Schnackenhofreferent:  Bekanntestes Referat: \u201eNietzsche und Buddha\u201c\u00a0<\/p>\n\n\n\n<p><strong>Walter Gebhard\u00a0<\/strong>\u00a0\u2020\u00a02019 Germanist, Buddhologe, Sammler von Chan-Malerei, zwei Jahre Chef und F\u00f6rderer von RK an der Universit\u00e4t. Bayreuth.\u00a0<\/p>\n\n\n\n<p><strong>Peter Horst Neumann<\/strong>\u2020\u00a0Germanist, Literaturpreistr\u00e4ger Literarischer Direktor der Bayerischen Akademie der Sch\u00f6nen K\u00fcnste. Viele Vortr\u00e4ge im Schnackenhof.\u00a0\u00a0<br><\/p>\n\n\n\n<p><strong>Helmut Jahn\u2020<\/strong> Konzeptk\u00fcnstler. Er sehr\u00a0\u00a0fr\u00fch aktiv f\u00fcr den Schnackenhof. Sein bekanntestes Konzept f\u00fcr uns war \u201edie wilde Horde\u201c aus Laubs\u00e4gesegmenten mit n\u00e4chtlicher Feuerbeleuchtung. (ca. acht mal f\u00fcnf Meter am Pegnitzufer)<\/p>\n\n\n\n<p><strong>Maya Pikowski\u2020<\/strong>\u00a0:\u00a0\u00a0Schreinerin, Kunstschnitzerin und Malerin, Maja P. ertrank in der Pegnitz, als sie in N\u00fcrnberg ein Netz in den Kronen der Uferb\u00e4ume befestigen wollte. Sie lebt im Schnackenhof weiter.<\/p>\n\n\n\n<p>XXXXXXXXXXXXXXXXXXXXXXXXXX<\/p>\n\n\n\n<p><br>In enger Zusammenarbeit mit dem Schnackenhof stehen au\u00dferdem:&nbsp;<\/p>\n\n\n\n<p><strong>Barbara Kaulbach<\/strong>:\u00a0\u00a0Promovierte Sinologin, Mitarbeiterin des Goetheinstituts seit 30 Jahren, Direktorin verschiedener Auslandsinstitute unter anderem in China und in der Ukraine).<\/p>\n\n\n\n<p>Yan Xu Lackner,<strong>\u00a0\u00a0Direktorin des Konfuziusinstituts N\u00fcrnberg-Erlangen. Sie betreibt den <\/strong>\u201eKunstraum des Konfuzius-Instituts\u201c\u00a0<br>Mit besonderen Ausstellungen.<\/p>\n\n\n\n<p><br><a><u><strong>Johannes R. Sistermanns<\/strong><\/u><\/a>, International bekannter Komponist f\u00fcr experimentelle Musik, Regelm\u00e4\u00dfige j\u00e4hrliche Sound-Installationen im Schnackenhof. (Lebt in K\u00f6ln)<\/p>\n\n\n\n<p><a href=\"http:\/\/www.klavier-thiemann.de\/\"><u><strong>Rainer Thiemann<\/strong><\/u><\/a>, Klavierbauer (Lauf a.d. Pegnitz\/Sch\u00f6nberg) betreut den historischen Fl\u00fcgel des Schnackenhofs<\/p>\n\n\n\n<p>Ramona Faltin:&nbsp;Stahlbauingenieurin und Betreiberin eines Yoga-Studios in G\u00f6rlitz. Sie begleitet seit vielen Jahren die Seminarfahrten der \u201ePhilosophie f\u00fcr Kreative\u201c<\/p>\n\n\n\n<p><strong>Monika Teepe<\/strong>,\u00a0Gesangssolistin, Gesangs-Lehrerin Betreibt den Salon &#8222;Villa Teepe&#8220; in N\u00fcrnberg. Ihr Salon und der Schnackenhof gingen aus einem Gemeinschaftssalon mit Reinhard Knodt im Hauptbahnhof N\u00fcrnberg hervor.<\/p>\n\n\n\n<p><strong>Susanne Strauss<\/strong>, Pianistin, (Vorsitzende der Mozartgesellschaft in Bamberg)\u00a0<br><\/p>\n\n\n\n<p><a href=\"http:\/\/mobilerstammtisch.blogspot.com\/\"><u><strong>Anders Theorell<\/strong><\/u><\/a>, Objektkunst (Leerum\/Schweden) Er wohnte zehn Jahre im Schnackenhof. Seine Spezialit\u00e4t waren Gegenst\u00e4nde, die man heute in der japanischen Tradition des Chindogu verorten w\u00fcrde. Viele \u201eTheorells\u201c h\u00e4ngen heute noch in N\u00fcrnberger Kneipen)\u00a0<\/p>\n\n\n\n<p><br>Agata Norek, Filmemacherin und Malerin (Lebte ein jahr im Schnackenhof, jetzt Krakau)<\/p>\n\n\n\n<p><strong>Uugan Batar<\/strong>, Musiker \u2013 Leiter der tibetischen Musikgruppe \u201eEgschiglen.\u201c Er lebte zwei Jahre im Schnackenhof<\/p>\n\n\n\n<p><strong>Rainer Bartke<\/strong>:\u00a0Cellist der N\u00fcrnberger Symphoniker, war von Anfang an im Schnackenhof dabei und hat viele Lesungen begleitet. Gelegentliche Besuche.<\/p>\n\n\n\n<p><strong>Sebastian Kn\u00f6pker<\/strong>,\u00a0Philosoph Heidelberg, der\u00a0\u00a0sich den Fragen der Lust, des Genusses, des Geschmacks und des Sp\u00fcrens widmet. Er h\u00e4lt regelm\u00e4\u00dfig Seminare auf dem Schnackenhof, die sich mit unserern sinnen besch\u00e4ftigen.<\/p>\n\n\n\n<p><br><strong>Gerlinde Wendland<\/strong>,\u00a0Malerin (Moritzberg) (gelegentliche Besuche)<\/p>\n\n\n\n<p><a href=\"http:\/\/www.friedhelmsikora.de\/\"><u><strong>Friedhelm Sikora<\/strong><\/u><\/a>, Schriftsteller (Bamberg)\u2020<\/p>\n\n\n\n<p><strong>Barbara Quast,<\/strong>\u00a0Viele Engagements f\u00fcr den Schnackenhof!\u00a0<br><\/p>\n\n\n\n<p><a href=\"http:\/\/www.christoph-gerling.de\/\"><u><strong>Christoph Gerling<\/strong><\/u><\/a>, Bildender K\u00fcnstler, Maler, Akademielehrer der KA N\u00fcrnberg<\/p>\n\n\n\n<p><br><strong>Ilse Fath-Engelhardt<\/strong>, \u00dcbersetzerin\/ Sanskritexpertin\u00a0zahlreiche Referate und Bilderkl\u00e4rungen f\u00fcr Michael Engelhaft<br><\/p>\n\n\n\n<p><strong>Michael Engelhardt<\/strong>, Maler und Bildhauer (Erlangen) Ankauf mehrerer Gem\u00e4lde durch den Schnackenhof <\/p>\n\n\n\n<p><a href=\"http:\/\/www.scherm.de\/\"><u><strong>Gerd <\/strong>S<strong>cherm<\/strong><\/u><\/a>, Schriftsteller (Rothenburg o. d. Tauber) Ein F\u00f6rderer und Freund (Logenmeister der Rothenburger Loge und Mitglied der Loge 1000)<br><\/p>\n\n\n\n<p><a href=\"http:\/\/www.hanna-eittinger.de\/\"><u>H<strong>anna Eittinger<\/strong><\/u><\/a>, S\u00e4ngerin (Sopran) Altdorf<br><\/p>\n\n\n\n<p><strong><a href=\"http:\/\/hata-hlavata.de\/\"><u>Hata Hlavata<\/u><\/a>,<\/strong> (Dr. Dr.) Historikerin, Malerin, Tangolehrerin,\u00a0\u00a0Curatorin und Museumsmitarbeiterin im Kampa-Museum (Prag),\u00a0<br><\/p>\n\n\n\n<p><strong>Bernhard Lassahn<\/strong>, Schriftsteller, (bekannt f\u00fcr die K\u00e4pt\u2018n Blaub\u00e4r-Geschichten) (Berlin)<\/p>\n\n\n\n<p><strong>Birgitt Schneider<\/strong>\u00a0(ehemalige Studentin der Philosophie bei RK) und ehem. Kunstlehrerin in Dinkelsb\u00fchl. Lebt zusammen mit\u00a0Christoph Klein, Dozent an der Akademie der bildenden K\u00fcnste. Nbg.<\/p>\n\n\n\n<p>\u00a0<br><strong>Peter P\u00fctz<\/strong>\u00a0\u00a0Shakuhatchi-Meister und Shakuhatchi-Bauer in Berlin. (Spielte auf \u201ePhilosophie f\u00fcr Kreative\u201c in Steinh\u00f6fel)<\/p>\n\n\n\n<p><strong>Sergeii Dimitrov<\/strong>\u00a0\u00a0(Charkiv) Germanist, \u00dcbersetzer, IT Spezialist, und Kunstf\u00f6rderer (ehemaliger Stipendiat des Schnackenhofs)<\/p>\n\n\n\n<p><strong>Christian Schloyer<\/strong>:\u00a0Literat und Literaturpreistr\u00e4ger N\u00fcrnberg<\/p>\n\n\n\n<p><strong>J\u00fcrgen Tewes<\/strong>,\u00a0Bauunternehmer, Anreger, F\u00f6rderer und seit vielen Jahren regelm\u00e4ssiger Unterst\u00fctzer des Schnackenhofs. Kunstsammler, Anreger und Teilnehmer auf vielen Seminarfahrten. (F\u00f6rdermitglied)<\/p>\n\n\n\n<p><strong>Klaus Wolf:<\/strong>\u00a0Managementberater, Wanderer auf dem Jacobsweg, Teilnehmer auf vielen Seminarfahrten und Referent in Mariposa\u00a0\u00a0<\/p>\n\n\n\n<p><strong>Dr. Ramesh Samphui<\/strong> &#8211; Junior-Professor of Arts (K\u00fcnstler, Kunsttheoretiker) Bangalore (Uttarjugdia,  P.S. Magrahat, Distr. South 24 Parganas West Bengal 743355   realmofresh@gmail.com<\/p>\n\n\n\n<p><strong>Ren\u00e9 B\u00f6ll,<\/strong> Maler, lebt in K\u00f6ln, arbeitet im Zusammenhang mit der Chan (ZEN) Malerei des alten China und Japan. (Akademiemitglied)<\/p>\n\n\n\n<p><strong>Dr. Gustav v. Campe <\/strong>(G\u00f6ttingen): Landwirtschaftlicher Unternehmer. Doktorarbeit zum Thema &#8222;Handarbeit und Kopfarbeit&#8220;.  Arbeitet zur Zeit an: &#8222;Vom Bild zum Ton&#8220;, (einer musikalischen Deutung der Welt) Fr\u00fcher gelegentlich &#8222;Palintonos&#8220;-Lehrer im Schnackenhof. Jetzt gern gesehener Retreat-Gast. Zusammenarbeit mit Matthew Pritchard.<\/p>\n\n\n\n<p><strong>Prof. Dr. Wiebrecht Ries, <\/strong>Philosoph und Germanist an der Universit\u00e4t Hannover. Nietzschespezialist, (&#8222;Sprachen der Wiederkehr&#8220;) und Kafkakenner.  <\/p>\n\n\n\n<p><strong>Jeannette Stein<\/strong>,  IT \/PR Rundmails, Einladungen und Pflege der Homepage des Schnackenhofs.<\/p>\n\n\n\n<p><strong>Susanne Weiss,<\/strong> Verantwortlich f\u00fcr Buffetts, die nach \u00f6kologischen Gesichtspunkten zubereitet und mit Gedichten und Zeichnungen geschm\u00fcckt sind. (Gastlichkeit als Kunst).   <\/p>\n\n\n\n<p><\/p>\n","protected":false},"excerpt":{"rendered":"<p>I. IM HAUS\u00a0 Hyeonyoung Nam;\u00a0Pianistin, Absolventin der Musikhochschule N\u00fcrnberg, verantw. f\u00fcr die monatlichen Kammerkonzerte des Schnackenhofs, die organisatorische \u00dcbersicht \u00fcber Besuche und koreanische K\u00fcche. (Nr. 3) Michael Mihaljewic:\u00a0Sonerp\u00e4dagoge mit B\u00fcro in N\u00fcrnberg, seit 2020 Teemeister der Urasenke und Hersteller wundersch\u00f6ner &hellip; <a href=\"https:\/\/www.schnackenhof.de\/?page_id=22\">Weiterlesen <span class=\"meta-nav\">&rarr;<\/span><\/a><\/p>\n","protected":false},"author":8,"featured_media":0,"parent":0,"menu_order":3,"comment_status":"closed","ping_status":"closed","template":"","meta":{"_cbd_carousel_blocks":"[]","ngg_post_thumbnail":0,"footnotes":""},"class_list":["post-22","page","type-page","status-publish","hentry"],"_links":{"self":[{"href":"https:\/\/www.schnackenhof.de\/index.php?rest_route=\/wp\/v2\/pages\/22","targetHints":{"allow":["GET"]}}],"collection":[{"href":"https:\/\/www.schnackenhof.de\/index.php?rest_route=\/wp\/v2\/pages"}],"about":[{"href":"https:\/\/www.schnackenhof.de\/index.php?rest_route=\/wp\/v2\/types\/page"}],"author":[{"embeddable":true,"href":"https:\/\/www.schnackenhof.de\/index.php?rest_route=\/wp\/v2\/users\/8"}],"replies":[{"embeddable":true,"href":"https:\/\/www.schnackenhof.de\/index.php?rest_route=%2Fwp%2Fv2%2Fcomments&post=22"}],"version-history":[{"count":88,"href":"https:\/\/www.schnackenhof.de\/index.php?rest_route=\/wp\/v2\/pages\/22\/revisions"}],"predecessor-version":[{"id":3638,"href":"https:\/\/www.schnackenhof.de\/index.php?rest_route=\/wp\/v2\/pages\/22\/revisions\/3638"}],"wp:attachment":[{"href":"https:\/\/www.schnackenhof.de\/index.php?rest_route=%2Fwp%2Fv2%2Fmedia&parent=22"}],"curies":[{"name":"wp","href":"https:\/\/api.w.org\/{rel}","templated":true}]}}