{"id":41,"date":"2011-08-22T21:46:57","date_gmt":"2011-08-22T21:46:57","guid":{"rendered":"http:\/\/www.stein-it-consult.de\/WP-Schnackenhof\/?page_id=41"},"modified":"2021-02-23T20:10:05","modified_gmt":"2021-02-23T19:10:05","slug":"kontakt","status":"publish","type":"page","link":"https:\/\/www.schnackenhof.de\/?page_id=41","title":{"rendered":"Kontakt"},"content":{"rendered":"<h2>&nbsp;<\/h2>\n<div class=\"entry-content\">\n<div class=\"entry-content\">\n<figure class=\"wp-block-image\"><img loading=\"lazy\" decoding=\"async\" width=\"1024\" height=\"768\" class=\"wp-image-2497\" src=\"http:\/\/www.schnackenhof.de\/wp-content\/uploads\/2019\/01\/2017-08-13-PHOTO-00000027-1024x768.jpg\" sizes=\"auto, (max-width: 1024px) 100vw, 1024px\" srcset=\"http:\/\/www.schnackenhof.de\/wp-content\/uploads\/2019\/01\/2017-08-13-PHOTO-00000027-1024x768.jpg 1024w, http:\/\/www.schnackenhof.de\/wp-content\/uploads\/2019\/01\/2017-08-13-PHOTO-00000027-300x225.jpg 300w, http:\/\/www.schnackenhof.de\/wp-content\/uploads\/2019\/01\/2017-08-13-PHOTO-00000027-768x576.jpg 768w, http:\/\/www.schnackenhof.de\/wp-content\/uploads\/2019\/01\/2017-08-13-PHOTO-00000027.jpg 1280w\" alt=\"\">\n<figcaption>Johannes S. Sistermanns: Ton und Raum auf den Philosophietagen 2017<\/figcaption>\n<\/figure>\n<\/div>\n<h5><strong>Der Schnackenhof \u2013 <\/strong><strong>Philosophie und Kunst am Fluss<br>Adresse: <\/strong>Schnackenhof 3 \/ 90552 R\u00f6thenbach a.d. Pegnitz (Mfr.)<\/h5>\n<h5><strong><em>Verwaltung d. K\u00fcnstlerhauses, (Unterbringung, G\u00e4ste, Programm-Anfragen)<\/em>:<\/strong> <em>Undine Stier<\/em> ++49 (0) 911 5064906; undine.stier@me.com<\/h5>\n<h5><strong>Programmplanung: Dr. Reinhard Knodt. (Vorst. d. Tr\u00e4gervereins,&nbsp;reinhardknodt@gmail.com)<\/strong><i>&nbsp;<\/i><strong><i>2.&nbsp;<\/i><span style=\"color: #000000;\"><span style=\"caret-color: #000000;\"><i>Vorsitzende<\/i><\/span><\/span><i>&nbsp;und&nbsp;<\/i><\/strong><span style=\"color: #000000;\"><span style=\"caret-color: #000000;\"><b><i>Vertretung:<\/i><\/b><\/span><\/span><i>&nbsp;Anja Schmickal<\/i><br><em>Finanzvorstand (<\/em><em><strong>Spenden, Einz\u00fcge<\/strong><\/em><em><strong> und Steuerfragen)<\/strong>&nbsp;<\/em><em><strong>G\u00fcnter K\u00f6rner<\/strong> (plintax@gmx.de)<\/em><\/h5>\n<h5><em><strong>Philosophiereisen<\/strong>: Michaela Moritz\/Reinhard Knodt&nbsp;<\/em><\/h5>\n<h5><i><strong>Westost-Akademie:<\/strong> Pr\u00e4sident Prof. Dr. Reza Hajatpour. &nbsp;F\u00fcrth; &nbsp;2.Vorstand: Prof. Thorsten Schirmer (Hannover)<\/i><\/h5>\n<p><strong>Freundeskreis f. Zenkultur und Garten Nr. 16<\/strong>: &nbsp;Michael Mihaljevich<\/p>\n<p><strong>Haustechnik und Garten Nr. 3<\/strong>: Undine Stier<\/p>\n<p><strong>Gastronomie und&nbsp;Buffets&nbsp;<\/strong> Susanne Wei\u00df<\/p>\n<p><strong>IT-Consulting, Homepage und Rundbriefe<\/strong>: Jeannette Stein&nbsp;<a href=\"mailto:jeannette.stein@nefkom.net\" target=\"_blank\" rel=\"noreferrer noopener\">jeannette.stein@nefkom.net <\/a><\/p>\n<p><strong>Homepagegestaltung<\/strong>: <strong>Horst Hinder<\/strong> (Berlin)<\/p>\n<p><strong>K\u00fcnstler, die Haus und Garten ausgestaltet haben:&nbsp;<\/strong><br><strong>J\u00f6rg Amonat<\/strong> (Bildhauer, Berlin), <strong>Gustav Mayer<\/strong> (Bildhauer, M\u00fcnchen),&nbsp;<\/p>\n<p><em><strong>Koordination, Notf\u00e4lle oder generelle Anfragen:<\/strong><br>ReinhardKnodt@gmail.com oder 015209812477\/ Vor<\/em>&nbsp;Ort: Undine Stier 01712266767<\/p>\n<\/div>\n<p>&nbsp;<\/p>\n<h6><strong>Datenschutzerkl\u00e4rung:&nbsp;<\/strong>Wir freuen uns sehr \u00fcber Ihr Interesse am \u201eSchnackenhof\u201c. Eine Nutzung dieser Internetseiten ist grunds\u00e4tzlich ohne jede Angabe personenbezogener Daten m\u00f6glich.<\/h6>\n<h6>Die Verarbeitung personenbezogener Daten in Zusammenhang mit der Mitgliederverwaltung des Tr\u00e4gervereins (\u201eR\u00f6thenbacher Kunstf\u00f6rderverein e.V.\u201c), sprich des Namens, der Anschrift, E-Mail-Adresse, Telefonnummer und Kontoverbindung, erfolgt stets im Einklang mit der Datenschutz-Grundverordnung und in \u00dcbereinstimmung mit den f\u00fcr den Tr\u00e4gerverein geltenden landesspezifischen Datenschutzbestimmungen.<\/h6>\n<h6>E-Mail-Adressen in unserem E-Mail-Verteiler werden nur verwaltet und verwendet, um Sie \u00fcber Aktivit\u00e4ten und Veranstaltungen des Schnackenhofs zu informieren. Sollten Sie dies nicht mehr w\u00fcnschen, gen\u00fcgt eine kurze Antwort an die Absenderadresse der E-Mail mit dem Betreff&nbsp;&#8222;bitte keine Sendungen mehr&#8220;.<\/h6>\n<h6 style=\"text-align: left;\"><span style=\"color: #100000;\"><span style=\"color: #100000;\">Lt. \u00a7 10 Absatz 3 MDStV f\u00fcr den Inhalt verantwortlich: Dr. Reinhard Knodt<\/span><\/span><\/h6>\n<h6 style=\"text-align: left;\" align=\"justify\"><span style=\"color: #100000;\"><strong><em>Disclaimer:<\/em><\/strong><\/span><br><span style=\"color: #100000;\"><span style=\"color: #100000;\">Bei direkten oder indirekten Verweisen auf fremde Webseiten (&#8222;Hyperlinks&#8220;), die au\u00dferhalb des Verantwortungsbereiches des Autors liegen, w\u00fcrde eine&nbsp;Haftungsverpflichtung ausschlie\u00dflich in dem Fall in Kraft treten, in dem der Autor von den Inhalten Kenntnis hat und es ihm technisch m\u00f6glich und zumutbar w\u00e4re, die Nutzung im Falle rechtswidriger Inhalte zu verhindern.<\/span><\/span><span style=\"color: #100000;\"> Der Autor erkl\u00e4rt hiermit ausdr\u00fccklich, dass zum Zeitpunkt der Linksetzung keine illegalen Inhalte auf den zu verlinkenden Seiten erkennbar waren. Auf die aktuelle und zuk\u00fcnftige Gestaltung, die Inhalte oder die Urheberschaft der gelinkten\/verkn\u00fcpften Seiten hat der Autor keinerlei Einfluss. Deshalb distanziert er sich hiermit ausdr\u00fccklich von allen Inhalten aller gelinkten \/verkn\u00fcpften Seiten, die nach der Linksetzung ver\u00e4ndert wurden. Diese Feststellung gilt f\u00fcr alle innerhalb des eigenen Internetangebotes gesetzten Links und Verweise sowie f\u00fcr Fremdeintr\u00e4ge in vom Autor eingerichteten G\u00e4steb\u00fcchern, Diskussionsforen und Mailinglisten. F\u00fcr illegale, fehlerhafte oder unvollst\u00e4ndige Inhalte und insbesondere f\u00fcr Sch\u00e4den, die aus der Nutzung oder Nichtnutzung solcherart dargebotener Informationen entstehen, haftet allein der Anbieter der Seite, auf welche verwiesen wurde, nicht derjenige, der \u00fcber Links auf die jeweilige Ver\u00f6ffentlichung lediglich verweist. <\/span><\/h6>\n\n\n<p><\/p>\n","protected":false},"excerpt":{"rendered":"<p>&nbsp; Johannes S. Sistermanns: Ton und Raum auf den Philosophietagen 2017 Der Schnackenhof \u2013 Philosophie und Kunst am FlussAdresse: Schnackenhof 3 \/ 90552 R\u00f6thenbach a.d. Pegnitz (Mfr.) Verwaltung d. K\u00fcnstlerhauses, (Unterbringung, G\u00e4ste, Programm-Anfragen): Undine Stier ++49 (0) 911 5064906; undine.stier@me.com &hellip; <a href=\"https:\/\/www.schnackenhof.de\/?page_id=41\">Weiterlesen <span class=\"meta-nav\">&rarr;<\/span><\/a><\/p>\n","protected":false},"author":8,"featured_media":0,"parent":0,"menu_order":15,"comment_status":"closed","ping_status":"closed","template":"","meta":{"_cbd_carousel_blocks":"[]","ngg_post_thumbnail":0,"footnotes":""},"class_list":["post-41","page","type-page","status-publish","hentry"],"_links":{"self":[{"href":"https:\/\/www.schnackenhof.de\/index.php?rest_route=\/wp\/v2\/pages\/41","targetHints":{"allow":["GET"]}}],"collection":[{"href":"https:\/\/www.schnackenhof.de\/index.php?rest_route=\/wp\/v2\/pages"}],"about":[{"href":"https:\/\/www.schnackenhof.de\/index.php?rest_route=\/wp\/v2\/types\/page"}],"author":[{"embeddable":true,"href":"https:\/\/www.schnackenhof.de\/index.php?rest_route=\/wp\/v2\/users\/8"}],"replies":[{"embeddable":true,"href":"https:\/\/www.schnackenhof.de\/index.php?rest_route=%2Fwp%2Fv2%2Fcomments&post=41"}],"version-history":[{"count":38,"href":"https:\/\/www.schnackenhof.de\/index.php?rest_route=\/wp\/v2\/pages\/41\/revisions"}],"predecessor-version":[{"id":3464,"href":"https:\/\/www.schnackenhof.de\/index.php?rest_route=\/wp\/v2\/pages\/41\/revisions\/3464"}],"wp:attachment":[{"href":"https:\/\/www.schnackenhof.de\/index.php?rest_route=%2Fwp%2Fv2%2Fmedia&parent=41"}],"curies":[{"name":"wp","href":"https:\/\/api.w.org\/{rel}","templated":true}]}}